{"id":683,"date":"2018-10-09T09:17:03","date_gmt":"2018-10-09T09:17:03","guid":{"rendered":"https:\/\/nzf.ospzv-aso.cz\/?page_id=683"},"modified":"2021-07-24T03:36:36","modified_gmt":"2021-07-24T03:36:36","slug":"aktuality","status":"publish","type":"page","link":"https:\/\/nzf.ospzv-aso.cz\/?page_id=683","title":{"rendered":"Aktuality"},"content":{"rendered":"\t\t<div data-elementor-type=\"wp-post\" data-elementor-id=\"683\" class=\"elementor elementor-683\" data-elementor-settings=\"[]\">\n\t\t\t\t\t\t\t<div class=\"elementor-section-wrap\">\n\t\t\t\t\t\t\t<section class=\"elementor-section elementor-top-section elementor-element elementor-element-5d3f2d0d elementor-section-boxed elementor-section-height-default elementor-section-height-default\" data-id=\"5d3f2d0d\" data-element_type=\"section\" data-settings=\"{&quot;background_background&quot;:&quot;gradient&quot;}\">\n\t\t\t\t\t\t<div class=\"elementor-container elementor-column-gap-no\">\n\t\t\t\t\t<div class=\"elementor-column elementor-col-100 elementor-top-column elementor-element elementor-element-192a857d\" data-id=\"192a857d\" data-element_type=\"column\">\n\t\t\t<div class=\"elementor-widget-wrap elementor-element-populated\">\n\t\t\t\t\t\t\t\t<div class=\"elementor-element elementor-element-62d4eab6 elementor-widget elementor-widget-heading\" data-id=\"62d4eab6\" data-element_type=\"widget\" data-widget_type=\"heading.default\">\n\t\t\t\t<div class=\"elementor-widget-container\">\n\t\t\t<h5 class=\"elementor-heading-title elementor-size-default\">Z  \u010dinnosti nadace<\/h5>\t\t<\/div>\n\t\t\t\t<\/div>\n\t\t\t\t<div class=\"elementor-element elementor-element-ddaea19 elementor-widget elementor-widget-heading\" data-id=\"ddaea19\" data-element_type=\"widget\" data-widget_type=\"heading.default\">\n\t\t\t\t<div class=\"elementor-widget-container\">\n\t\t\t<h1 class=\"elementor-heading-title elementor-size-default\">Aktuality<\/h1>\t\t<\/div>\n\t\t\t\t<\/div>\n\t\t\t\t\t<\/div>\n\t\t<\/div>\n\t\t\t\t\t\t\t<\/div>\n\t\t<\/section>\n\t\t\t\t<section class=\"elementor-section elementor-top-section elementor-element elementor-element-6a3305e elementor-section-boxed elementor-section-height-default elementor-section-height-default\" data-id=\"6a3305e\" data-element_type=\"section\">\n\t\t\t\t\t\t<div class=\"elementor-container elementor-column-gap-no\">\n\t\t\t\t\t<div class=\"elementor-column elementor-col-100 elementor-top-column elementor-element elementor-element-331a1d25\" data-id=\"331a1d25\" data-element_type=\"column\">\n\t\t\t<div class=\"elementor-widget-wrap elementor-element-populated\">\n\t\t\t\t\t\t\t\t<section class=\"elementor-section elementor-inner-section elementor-element elementor-element-27e41b8 elementor-section-boxed elementor-section-height-default elementor-section-height-default\" data-id=\"27e41b8\" data-element_type=\"section\">\n\t\t\t\t\t\t<div class=\"elementor-container elementor-column-gap-no\">\n\t\t\t\t\t<div class=\"elementor-column elementor-col-33 elementor-inner-column elementor-element elementor-element-451c06b1\" data-id=\"451c06b1\" data-element_type=\"column\">\n\t\t\t<div class=\"elementor-widget-wrap elementor-element-populated\">\n\t\t\t\t\t\t\t\t<div class=\"elementor-element elementor-element-2e83652f elementor-widget elementor-widget-heading\" data-id=\"2e83652f\" data-element_type=\"widget\" data-widget_type=\"heading.default\">\n\t\t\t\t<div class=\"elementor-widget-container\">\n\t\t\t<h5 class=\"elementor-heading-title elementor-size-default\">01.<\/h5>\t\t<\/div>\n\t\t\t\t<\/div>\n\t\t\t\t<div class=\"elementor-element elementor-element-4999e574 elementor-widget elementor-widget-heading\" data-id=\"4999e574\" data-element_type=\"widget\" data-widget_type=\"heading.default\">\n\t\t\t\t<div class=\"elementor-widget-container\">\n\t\t\t<h2 class=\"elementor-heading-title elementor-size-default\">Zelen\u00e9 PR\u00c1ZDNINY<\/h2>\t\t<\/div>\n\t\t\t\t<\/div>\n\t\t\t\t\t<\/div>\n\t\t<\/div>\n\t\t\t\t<div class=\"elementor-column elementor-col-33 elementor-inner-column elementor-element elementor-element-69cae8b1\" data-id=\"69cae8b1\" data-element_type=\"column\">\n\t\t\t<div class=\"elementor-widget-wrap elementor-element-populated\">\n\t\t\t\t\t\t\t\t<div class=\"elementor-element elementor-element-47d6c784 elementor-widget-divider--view-line elementor-widget elementor-widget-divider\" data-id=\"47d6c784\" data-element_type=\"widget\" data-widget_type=\"divider.default\">\n\t\t\t\t<div class=\"elementor-widget-container\">\n\t\t\t\t\t<div class=\"elementor-divider\">\n\t\t\t<span class=\"elementor-divider-separator\">\n\t\t\t\t\t\t<\/span>\n\t\t<\/div>\n\t\t\t\t<\/div>\n\t\t\t\t<\/div>\n\t\t\t\t<div class=\"elementor-element elementor-element-5fd2e7fc elementor-widget elementor-widget-text-editor\" data-id=\"5fd2e7fc\" data-element_type=\"widget\" data-widget_type=\"text-editor.default\">\n\t\t\t\t<div class=\"elementor-widget-container\">\n\t\t\t\t\t\t\t\t<p>Projekt vyu\u017e\u00edv\u00e1 soust\u0159ed\u011bn\u00ed d\u011bt\u00ed z r\u016fzn\u00fdch region\u016f na jednom m\u00edst\u011b v p\u0159\u00edrod\u011b a klade si za c\u00edl pomoci jim vytvo\u0159it si ke sv\u00e9mu prost\u0159ed\u00ed kladn\u00fd vztah.<\/p><p>Nesoust\u0159ed\u00ed se v\u0161ak pouze na vzd\u011bl\u00e1v\u00e1n\u00ed d\u011bt\u00ed, ale umo\u017en\u00ed jim i se pod\u00edlet na p\u0159\u00edm\u00e9 pomoci p\u0159\u00edrod\u011b a vid\u011bt re\u00e1ln\u011b pozitivn\u00ed dopad vlastn\u00ed aktivity.<\/p>\t\t\t\t\t\t<\/div>\n\t\t\t\t<\/div>\n\t\t\t\t\t<\/div>\n\t\t<\/div>\n\t\t\t\t<div class=\"elementor-column elementor-col-33 elementor-inner-column elementor-element elementor-element-7ed8352\" data-id=\"7ed8352\" data-element_type=\"column\">\n\t\t\t<div class=\"elementor-widget-wrap elementor-element-populated\">\n\t\t\t\t\t\t\t\t<div class=\"elementor-element elementor-element-eb719f3 elementor-widget elementor-widget-image\" data-id=\"eb719f3\" data-element_type=\"widget\" data-widget_type=\"image.default\">\n\t\t\t\t<div class=\"elementor-widget-container\">\n\t\t\t\t\t\t\t\t\t\t\t\t\t\t\t<img decoding=\"async\" src=\"https:\/\/nzf.ospzv-aso.cz\/wp-content\/uploads\/elementor\/thumbs\/zp-kura-pae47gaw5xc6dr28vwnd446widdbaai2xygr0i7iwg.jpg\" title=\"zp-kura\" alt=\"zp-kura\" \/>\t\t\t\t\t\t\t\t\t\t\t\t\t\t\t<\/div>\n\t\t\t\t<\/div>\n\t\t\t\t\t<\/div>\n\t\t<\/div>\n\t\t\t\t\t\t\t<\/div>\n\t\t<\/section>\n\t\t\t\t<section class=\"elementor-section elementor-inner-section elementor-element elementor-element-125a171 elementor-section-boxed elementor-section-height-default elementor-section-height-default\" data-id=\"125a171\" data-element_type=\"section\">\n\t\t\t\t\t\t<div class=\"elementor-container elementor-column-gap-no\">\n\t\t\t\t\t<div class=\"elementor-column elementor-col-33 elementor-inner-column elementor-element elementor-element-2d4d8c4\" data-id=\"2d4d8c4\" data-element_type=\"column\">\n\t\t\t<div class=\"elementor-widget-wrap elementor-element-populated\">\n\t\t\t\t\t\t\t\t<div class=\"elementor-element elementor-element-6d2844a elementor-widget elementor-widget-heading\" data-id=\"6d2844a\" data-element_type=\"widget\" data-widget_type=\"heading.default\">\n\t\t\t\t<div class=\"elementor-widget-container\">\n\t\t\t<h5 class=\"elementor-heading-title elementor-size-default\">02.<\/h5>\t\t<\/div>\n\t\t\t\t<\/div>\n\t\t\t\t<div class=\"elementor-element elementor-element-ff3e1b7 elementor-invisible elementor-widget elementor-widget-heading\" data-id=\"ff3e1b7\" data-element_type=\"widget\" data-settings=\"{&quot;_animation&quot;:&quot;fadeInDown&quot;}\" data-widget_type=\"heading.default\">\n\t\t\t\t<div class=\"elementor-widget-container\">\n\t\t\t<h2 class=\"elementor-heading-title elementor-size-default\">Nominace<\/h2>\t\t<\/div>\n\t\t\t\t<\/div>\n\t\t\t\t\t<\/div>\n\t\t<\/div>\n\t\t\t\t<div class=\"elementor-column elementor-col-33 elementor-inner-column elementor-element elementor-element-72f61dc\" data-id=\"72f61dc\" data-element_type=\"column\">\n\t\t\t<div class=\"elementor-widget-wrap elementor-element-populated\">\n\t\t\t\t\t\t\t\t<div class=\"elementor-element elementor-element-c5cc2a9 elementor-widget-divider--view-line elementor-widget elementor-widget-divider\" data-id=\"c5cc2a9\" data-element_type=\"widget\" data-widget_type=\"divider.default\">\n\t\t\t\t<div class=\"elementor-widget-container\">\n\t\t\t\t\t<div class=\"elementor-divider\">\n\t\t\t<span class=\"elementor-divider-separator\">\n\t\t\t\t\t\t<\/span>\n\t\t<\/div>\n\t\t\t\t<\/div>\n\t\t\t\t<\/div>\n\t\t\t\t<div class=\"elementor-element elementor-element-2d5df73 elementor-widget elementor-widget-text-editor\" data-id=\"2d5df73\" data-element_type=\"widget\" data-widget_type=\"text-editor.default\">\n\t\t\t\t<div class=\"elementor-widget-container\">\n\t\t\t\t\t\t\t\t<p>Nadace zem\u011bd\u011blsk\u00e9 f\u00f3rum nominovala Ing. Jaroslava Ungermana, CSc. za \u010dlena Evropsk\u00e9ho hospod\u00e1\u0159sk\u00e9ho a soci\u00e1ln\u00edho v\u00fdboru na funk\u010dn\u00ed obdob\u00ed 2020 \u2013 2025 za \u010ceskou republiku, do Skupiny III \u2013 R\u016fzn\u00e9 z\u00e1jmy.<\/p><hr \/><p><em>Ing. Jaroslav Ungerman, CSc. svou bohatou publika\u010dn\u00ed \u010dinnost\u00ed a zku\u0161enostmi z\u00edskan\u00fdmi p\u016fsoben\u00edm ve funkci poradce p\u0159edsedy vl\u00e1dy \u010cR m\u016f\u017ee v\u00fdznamn\u011b napomoci konstruktivn\u00edmu dialogu na evropsk\u00e9 \u00farovni, umo\u017e\u0148uj\u00edc\u00edmu dosa\u017een\u00ed konsenzu mezi rozd\u00edln\u00fdmi z\u00e1jmy, zejm\u00e9na v\u00a0oblasti zem\u011bd\u011blstv\u00ed, kter\u00e9 v\u00a0sou\u010dasn\u00e9 dob\u011b proch\u00e1z\u00ed velice slo\u017eit\u00fdm v\u00fdvojem.<\/em><\/p>\t\t\t\t\t\t<\/div>\n\t\t\t\t<\/div>\n\t\t\t\t\t<\/div>\n\t\t<\/div>\n\t\t\t\t<div class=\"elementor-column elementor-col-33 elementor-inner-column elementor-element elementor-element-0fa2dfc\" data-id=\"0fa2dfc\" data-element_type=\"column\">\n\t\t\t<div class=\"elementor-widget-wrap elementor-element-populated\">\n\t\t\t\t\t\t\t\t<div class=\"elementor-element elementor-element-36f26e2 elementor-widget elementor-widget-image\" data-id=\"36f26e2\" data-element_type=\"widget\" data-widget_type=\"image.default\">\n\t\t\t\t<div class=\"elementor-widget-container\">\n\t\t\t\t\t\t\t\t\t\t\t\t\t\t\t<img decoding=\"async\" src=\"https:\/\/nzf.ospzv-aso.cz\/wp-content\/uploads\/elementor\/thumbs\/ungerman-jaroslav-pae297t1hl6uup310joxsu8yjvjy4ho4mbkm26cju8.jpg\" title=\"ungerman-jaroslav\" alt=\"ungerman-jaroslav\" \/>\t\t\t\t\t\t\t\t\t\t\t\t\t\t\t<\/div>\n\t\t\t\t<\/div>\n\t\t\t\t\t<\/div>\n\t\t<\/div>\n\t\t\t\t\t\t\t<\/div>\n\t\t<\/section>\n\t\t\t\t\t<\/div>\n\t\t<\/div>\n\t\t\t\t\t\t\t<\/div>\n\t\t<\/section>\n\t\t\t\t\t\t<\/div>\n\t\t\t\t\t<\/div>\n\t\t","protected":false},"excerpt":{"rendered":"<p>Z \u010dinnosti nadace Aktuality 01. Zelen\u00e9 PR\u00c1ZDNINY Projekt vyu\u017e\u00edv\u00e1 soust\u0159ed\u011bn\u00ed d\u011bt\u00ed z r\u016fzn\u00fdch region\u016f na jednom m\u00edst\u011b v p\u0159\u00edrod\u011b a klade si za c\u00edl pomoci jim vytvo\u0159it si ke sv\u00e9mu prost\u0159ed\u00ed kladn\u00fd vztah. Nesoust\u0159ed\u00ed se v\u0161ak pouze na vzd\u011bl\u00e1v\u00e1n\u00ed d\u011bt\u00ed, ale umo\u017en\u00ed jim i se pod\u00edlet na p\u0159\u00edm\u00e9 pomoci p\u0159\u00edrod\u011b a vid\u011bt re\u00e1ln\u011b pozitivn\u00ed dopad &hellip;<\/p>\n<p class=\"read-more\"> <a class=\"\" href=\"https:\/\/nzf.ospzv-aso.cz\/?page_id=683\"> <span class=\"screen-reader-text\">Aktuality<\/span> Pokra\u010dovat ve \u010dten\u00ed &raquo;<\/a><\/p>\n","protected":false},"author":1,"featured_media":0,"parent":0,"menu_order":0,"comment_status":"closed","ping_status":"closed","template":"","meta":[],"_links":{"self":[{"href":"https:\/\/nzf.ospzv-aso.cz\/index.php?rest_route=\/wp\/v2\/pages\/683"}],"collection":[{"href":"https:\/\/nzf.ospzv-aso.cz\/index.php?rest_route=\/wp\/v2\/pages"}],"about":[{"href":"https:\/\/nzf.ospzv-aso.cz\/index.php?rest_route=\/wp\/v2\/types\/page"}],"author":[{"embeddable":true,"href":"https:\/\/nzf.ospzv-aso.cz\/index.php?rest_route=\/wp\/v2\/users\/1"}],"replies":[{"embeddable":true,"href":"https:\/\/nzf.ospzv-aso.cz\/index.php?rest_route=%2Fwp%2Fv2%2Fcomments&post=683"}],"version-history":[{"count":40,"href":"https:\/\/nzf.ospzv-aso.cz\/index.php?rest_route=\/wp\/v2\/pages\/683\/revisions"}],"predecessor-version":[{"id":1034,"href":"https:\/\/nzf.ospzv-aso.cz\/index.php?rest_route=\/wp\/v2\/pages\/683\/revisions\/1034"}],"wp:attachment":[{"href":"https:\/\/nzf.ospzv-aso.cz\/index.php?rest_route=%2Fwp%2Fv2%2Fmedia&parent=683"}],"curies":[{"name":"wp","href":"https:\/\/api.w.org\/{rel}","templated":true}]}}