{"id":675,"date":"2018-10-09T09:16:29","date_gmt":"2018-10-09T09:16:29","guid":{"rendered":"https:\/\/nzf.ospzv-aso.cz\/?page_id=675"},"modified":"2021-07-24T18:58:18","modified_gmt":"2021-07-24T18:58:18","slug":"o-nadaci","status":"publish","type":"page","link":"https:\/\/nzf.ospzv-aso.cz\/?page_id=675","title":{"rendered":"O nadaci"},"content":{"rendered":"\t\t<div data-elementor-type=\"wp-post\" data-elementor-id=\"675\" class=\"elementor elementor-675\" data-elementor-settings=\"[]\">\n\t\t\t\t\t\t\t<div class=\"elementor-section-wrap\">\n\t\t\t\t\t\t\t<section class=\"elementor-section elementor-top-section elementor-element elementor-element-6952e143 elementor-section-boxed elementor-section-height-default elementor-section-height-default\" data-id=\"6952e143\" data-element_type=\"section\" data-settings=\"{&quot;background_background&quot;:&quot;gradient&quot;}\">\n\t\t\t\t\t\t<div class=\"elementor-container elementor-column-gap-no\">\n\t\t\t\t\t<div class=\"elementor-column elementor-col-100 elementor-top-column elementor-element elementor-element-fc98b27\" data-id=\"fc98b27\" data-element_type=\"column\">\n\t\t\t<div class=\"elementor-widget-wrap elementor-element-populated\">\n\t\t\t\t\t\t\t\t<div class=\"elementor-element elementor-element-282d8ac3 elementor-widget elementor-widget-heading\" data-id=\"282d8ac3\" data-element_type=\"widget\" data-widget_type=\"heading.default\">\n\t\t\t\t<div class=\"elementor-widget-container\">\n\t\t\t<h5 class=\"elementor-heading-title elementor-size-default\">Nadace zem\u011bd\u011blsk\u00e9 f\u00f3rum<\/h5>\t\t<\/div>\n\t\t\t\t<\/div>\n\t\t\t\t<div class=\"elementor-element elementor-element-956309d elementor-widget elementor-widget-heading\" data-id=\"956309d\" data-element_type=\"widget\" data-widget_type=\"heading.default\">\n\t\t\t\t<div class=\"elementor-widget-container\">\n\t\t\t<h1 class=\"elementor-heading-title elementor-size-default\">O nadaci<\/h1>\t\t<\/div>\n\t\t\t\t<\/div>\n\t\t\t\t\t<\/div>\n\t\t<\/div>\n\t\t\t\t\t\t\t<\/div>\n\t\t<\/section>\n\t\t\t\t<section class=\"elementor-section elementor-top-section elementor-element elementor-element-35833b72 elementor-section-boxed elementor-section-height-default elementor-section-height-default\" data-id=\"35833b72\" data-element_type=\"section\">\n\t\t\t\t\t\t<div class=\"elementor-container elementor-column-gap-no\">\n\t\t\t\t\t<div class=\"elementor-column elementor-col-33 elementor-top-column elementor-element elementor-element-4e4f91b1\" data-id=\"4e4f91b1\" data-element_type=\"column\">\n\t\t\t<div class=\"elementor-widget-wrap elementor-element-populated\">\n\t\t\t\t\t\t\t\t<div class=\"elementor-element elementor-element-1ffc8b54 elementor-invisible elementor-widget elementor-widget-heading\" data-id=\"1ffc8b54\" data-element_type=\"widget\" data-settings=\"{&quot;_animation&quot;:&quot;fadeInDown&quot;}\" data-widget_type=\"heading.default\">\n\t\t\t\t<div class=\"elementor-widget-container\">\n\t\t\t<h2 class=\"elementor-heading-title elementor-size-default\">Posl\u00e1n\u00ed nadace<\/h2>\t\t<\/div>\n\t\t\t\t<\/div>\n\t\t\t\t<div class=\"elementor-element elementor-element-4a4388c6 elementor-widget-divider--view-line elementor-widget elementor-widget-divider\" data-id=\"4a4388c6\" data-element_type=\"widget\" data-widget_type=\"divider.default\">\n\t\t\t\t<div class=\"elementor-widget-container\">\n\t\t\t\t\t<div class=\"elementor-divider\">\n\t\t\t<span class=\"elementor-divider-separator\">\n\t\t\t\t\t\t<\/span>\n\t\t<\/div>\n\t\t\t\t<\/div>\n\t\t\t\t<\/div>\n\t\t\t\t\t<\/div>\n\t\t<\/div>\n\t\t\t\t<div class=\"elementor-column elementor-col-66 elementor-top-column elementor-element elementor-element-3675354a\" data-id=\"3675354a\" data-element_type=\"column\">\n\t\t\t<div class=\"elementor-widget-wrap elementor-element-populated\">\n\t\t\t\t\t\t\t\t<div class=\"elementor-element elementor-element-29886a31 elementor-widget elementor-widget-text-editor\" data-id=\"29886a31\" data-element_type=\"widget\" data-widget_type=\"text-editor.default\">\n\t\t\t\t<div class=\"elementor-widget-container\">\n\t\t\t\t\t\t\t\t<p>Z\u00e1kladn\u00edm posl\u00e1n\u00edm a c\u00edlem Nadace zem\u011bd\u011blsk\u00e9 f\u00f3rum je shroma\u017e\u010fov\u00e1n\u00ed, zpracov\u00e1n\u00ed a \u0161\u00ed\u0159en\u00ed informac\u00ed t\u00fdkaj\u00edc\u00edch se procesu zm\u011bn v\u00a0zem\u011bd\u011blstv\u00ed ve st\u00e1tech st\u0159edn\u00ed a v\u00fdchodn\u00ed Evropy, vzd\u011bl\u00e1v\u00e1n\u00ed pracovn\u00edk\u016f zem\u011bd\u011blsk\u00fdch organizac\u00ed odbor\u00e1\u0159\u016f a soukrom\u00fdch roln\u00edk\u016f, v\u010detn\u011b zprost\u0159edkov\u00e1n\u00ed kontakt\u016f zem\u011bd\u011blc\u016f s\u00a0politiky, v\u011bdci a novin\u00e1\u0159i.<\/p><p>V sou\u010dasn\u00e9 dob\u011b se Nadace zem\u011bd\u011blsk\u00e9 f\u00f3rum se anga\u017euje v projedn\u00e1v\u00e1n\u00ed Spole\u010dn\u00e9 zem\u011bd\u011blsk\u00e9 politiky po roce 2020 v org\u00e1nech Evropsk\u00e9 unie.<\/p>\t\t\t\t\t\t<\/div>\n\t\t\t\t<\/div>\n\t\t\t\t\t<\/div>\n\t\t<\/div>\n\t\t\t\t\t\t\t<\/div>\n\t\t<\/section>\n\t\t\t\t<section class=\"elementor-section elementor-top-section elementor-element elementor-element-3e33ef03 elementor-section-full_width elementor-section-content-middle elementor-section-height-default elementor-section-height-default\" data-id=\"3e33ef03\" data-element_type=\"section\">\n\t\t\t\t\t\t<div class=\"elementor-container elementor-column-gap-no\">\n\t\t\t\t\t<div class=\"elementor-column elementor-col-50 elementor-top-column elementor-element elementor-element-ab40389\" data-id=\"ab40389\" data-element_type=\"column\" data-settings=\"{&quot;background_background&quot;:&quot;classic&quot;}\">\n\t\t\t<div class=\"elementor-widget-wrap elementor-element-populated\">\n\t\t\t\t\t\t\t\t<div class=\"elementor-element elementor-element-581b0b06 elementor-widget elementor-widget-image\" data-id=\"581b0b06\" data-element_type=\"widget\" data-widget_type=\"image.default\">\n\t\t\t\t<div class=\"elementor-widget-container\">\n\t\t\t\t\t\t\t\t\t\t\t\t\t\t\t<img width=\"960\" height=\"350\" src=\"https:\/\/nzf.ospzv-aso.cz\/wp-content\/uploads\/2021\/07\/02.jpg\" class=\"attachment-large size-large\" alt=\"\" decoding=\"async\" loading=\"lazy\" srcset=\"https:\/\/nzf.ospzv-aso.cz\/wp-content\/uploads\/2021\/07\/02.jpg 960w, https:\/\/nzf.ospzv-aso.cz\/wp-content\/uploads\/2021\/07\/02-300x109.jpg 300w, https:\/\/nzf.ospzv-aso.cz\/wp-content\/uploads\/2021\/07\/02-768x280.jpg 768w\" sizes=\"(max-width: 960px) 100vw, 960px\" \/>\t\t\t\t\t\t\t\t\t\t\t\t\t\t\t<\/div>\n\t\t\t\t<\/div>\n\t\t\t\t\t<\/div>\n\t\t<\/div>\n\t\t\t\t<div class=\"elementor-column elementor-col-50 elementor-top-column elementor-element elementor-element-1d943bbf\" data-id=\"1d943bbf\" data-element_type=\"column\" data-settings=\"{&quot;background_background&quot;:&quot;classic&quot;}\">\n\t\t\t<div class=\"elementor-widget-wrap elementor-element-populated\">\n\t\t\t\t\t\t\t\t<div class=\"elementor-element elementor-element-3bf2ba34 elementor-widget elementor-widget-image\" data-id=\"3bf2ba34\" data-element_type=\"widget\" data-widget_type=\"image.default\">\n\t\t\t\t<div class=\"elementor-widget-container\">\n\t\t\t\t\t\t\t\t\t\t\t\t\t\t\t<img width=\"960\" height=\"350\" src=\"https:\/\/nzf.ospzv-aso.cz\/wp-content\/uploads\/2021\/07\/01.jpg\" class=\"attachment-large size-large\" alt=\"\" decoding=\"async\" loading=\"lazy\" srcset=\"https:\/\/nzf.ospzv-aso.cz\/wp-content\/uploads\/2021\/07\/01.jpg 960w, https:\/\/nzf.ospzv-aso.cz\/wp-content\/uploads\/2021\/07\/01-300x109.jpg 300w, https:\/\/nzf.ospzv-aso.cz\/wp-content\/uploads\/2021\/07\/01-768x280.jpg 768w\" sizes=\"(max-width: 960px) 100vw, 960px\" \/>\t\t\t\t\t\t\t\t\t\t\t\t\t\t\t<\/div>\n\t\t\t\t<\/div>\n\t\t\t\t\t<\/div>\n\t\t<\/div>\n\t\t\t\t\t\t\t<\/div>\n\t\t<\/section>\n\t\t\t\t<section class=\"elementor-section elementor-top-section elementor-element elementor-element-5dcbfe4a elementor-section-boxed elementor-section-height-default elementor-section-height-default\" data-id=\"5dcbfe4a\" data-element_type=\"section\">\n\t\t\t\t\t\t<div class=\"elementor-container elementor-column-gap-no\">\n\t\t\t\t\t<div class=\"elementor-column elementor-col-100 elementor-top-column elementor-element elementor-element-6058f88d\" data-id=\"6058f88d\" data-element_type=\"column\">\n\t\t\t<div class=\"elementor-widget-wrap elementor-element-populated\">\n\t\t\t\t\t\t\t\t<div class=\"elementor-element elementor-element-6eced759 elementor-invisible elementor-widget elementor-widget-heading\" data-id=\"6eced759\" data-element_type=\"widget\" data-settings=\"{&quot;_animation&quot;:&quot;fadeInDown&quot;}\" data-widget_type=\"heading.default\">\n\t\t\t\t<div class=\"elementor-widget-container\">\n\t\t\t<h3 class=\"elementor-heading-title elementor-size-default\">\u00da\u010del nadace<\/h3>\t\t<\/div>\n\t\t\t\t<\/div>\n\t\t\t\t<div class=\"elementor-element elementor-element-4eb7229e elementor-widget-divider--view-line elementor-widget elementor-widget-divider\" data-id=\"4eb7229e\" data-element_type=\"widget\" data-widget_type=\"divider.default\">\n\t\t\t\t<div class=\"elementor-widget-container\">\n\t\t\t\t\t<div class=\"elementor-divider\">\n\t\t\t<span class=\"elementor-divider-separator\">\n\t\t\t\t\t\t<\/span>\n\t\t<\/div>\n\t\t\t\t<\/div>\n\t\t\t\t<\/div>\n\t\t\t\t<div class=\"elementor-element elementor-element-6a5a43ae elementor-widget elementor-widget-text-editor\" data-id=\"6a5a43ae\" data-element_type=\"widget\" data-widget_type=\"text-editor.default\">\n\t\t\t\t<div class=\"elementor-widget-container\">\n\t\t\t\t\t\t\t\t<p><strong>Z\u00e1kladn\u00edm posl\u00e1n\u00edm a c\u00edlem Nadace je finan\u010dn\u011b podporovat a p\u0159isp\u00edvat na rozvoj zem\u011bd\u011blsk\u00e9 osv\u011bty.<\/strong><\/p><p>Nadace dosahuje sv\u00e9ho c\u00edle prost\u0159ednictv\u00edm t\u011bchto \u010dinnosti:<\/p><p>-shroma\u017e\u010fov\u00e1n\u00edm, zpracov\u00e1n\u00edm a \u0161\u00ed\u0159en\u00edm informac\u00ed t\u00fdkaj\u00edc\u00edch se procesu zm\u011bn v zem\u011bd\u011blstv\u00ed ve st\u00e1tech st\u0159edn\u00ed a v\u00fdchodn\u00ed Evropy<\/p><p>-vzd\u011bl\u00e1v\u00e1n\u00edm pracovn\u00edk\u016f zem\u011bd\u011blsk\u00fdch organizac\u00ed, odbor\u00e1\u0159\u016f, soukrom\u00fdch roln\u00edk\u016f apod.<\/p><p>-zprost\u0159edkov\u00e1n\u00edm kontakt\u016f zem\u011bd\u011blc\u016f s <em>politiky,<\/em> v\u011bdci , novin\u00e1\u0159i apod.<\/p><p>-vzd\u011bl\u00e1v\u00e1n\u00ed zem\u011bd\u011blc\u016f bude zam\u011b\u0159eno hlavn\u011b na tyto obsahov\u00e9 kruhy:<\/p><p><strong><em>a)\u00a0 Soci\u00e1ln\u00ed oblast:<\/em><\/strong><br \/>&#8211; kolektivn\u00ed vyjedn\u00e1v\u00e1n\u00ed a kolektivn\u00ed smlouvy<br \/>-pracovn\u011b pr\u00e1vn\u00ed vztahy<br \/>-zji\u0161\u0165ov\u00e1n\u00ed \u017eivotn\u00edch n\u00e1klad\u016f a spot\u0159ebitelsk\u00e9ho ko\u0161e<br \/>&#8211; formy p\u00e9\u010de o pracuj\u00edc\u00ed<br \/>-bezpe\u010dnost a ochrana zdrav\u00ed p\u0159i pr\u00e1ci<br \/>-ochrana \u017eivotn\u00edho a pracovn\u00edho prost\u0159ed\u00ed<br \/>-zam\u011bstatnost a z\u00e1chr\u00e1nn\u00e1 soci\u00e1ln\u00ed s\u00ed\u0165<br \/>&#8211; rekvalifikace<br \/>-soci\u00e1ln\u00ed, d\u016fchodov\u00e9 a nemocensk\u00e9 poji\u0161t\u011bn\u00ed a p\u0159ipoji\u0161t\u011bn\u00ed<\/p><p><em><strong>b)\u00a0 Ekonomick\u00e1 oblast<\/strong><\/em><br \/>-ekonomick\u00fd syst\u00e9m<br \/>-tr\u017en\u00ed mechanismus<br \/>-da\u0148ov\u00fd a cenov\u00fd syst\u00e9m<br \/>&#8211; obchodn\u00ed \u010dinnost a obchodn\u00ed vztahy<br \/>-\u00fa\u010detnictv\u00ed, anal\u00fdza ekonomick\u00fdch v\u00fdsledk\u016f<\/p><p><em><strong>c)\u00a0 Mezin\u00e1rodn\u00ed vztahy<\/strong><\/em><br \/>-mezin\u00e1rodn\u00ed dokumenty o zem\u011bd\u011blstv\u00ed<br \/>&#8211; mezin\u00e1rodn\u00ed dokumenty o odborov\u00fdch pr\u00e1vech a svobod\u00e1ch<br \/>&#8211; mezin\u00e1rodn\u00ed dokumenty o tripartit\u011b a dualit\u011b<br \/>-vyu\u017e\u00edv\u00e1n\u00ed zku\u0161enost\u00ed vysp\u011bl\u00fdch zem\u011bd\u011blsk\u00fdch zem\u00ed<\/p><p><em><strong>d)\u00a0 Jazykov\u00e1 p\u0159\u00edprava<\/strong><\/em><br \/>&#8211; pro za\u010d\u00e1te\u010dn\u00edky<\/p>\t\t\t\t\t\t<\/div>\n\t\t\t\t<\/div>\n\t\t\t\t\t<\/div>\n\t\t<\/div>\n\t\t\t\t\t\t\t<\/div>\n\t\t<\/section>\n\t\t\t\t\t\t<\/div>\n\t\t\t\t\t<\/div>\n\t\t","protected":false},"excerpt":{"rendered":"<p>Nadace zem\u011bd\u011blsk\u00e9 f\u00f3rum O nadaci Posl\u00e1n\u00ed nadace Z\u00e1kladn\u00edm posl\u00e1n\u00edm a c\u00edlem Nadace zem\u011bd\u011blsk\u00e9 f\u00f3rum je shroma\u017e\u010fov\u00e1n\u00ed, zpracov\u00e1n\u00ed a \u0161\u00ed\u0159en\u00ed informac\u00ed t\u00fdkaj\u00edc\u00edch se procesu zm\u011bn v\u00a0zem\u011bd\u011blstv\u00ed ve st\u00e1tech st\u0159edn\u00ed a v\u00fdchodn\u00ed Evropy, vzd\u011bl\u00e1v\u00e1n\u00ed pracovn\u00edk\u016f zem\u011bd\u011blsk\u00fdch organizac\u00ed odbor\u00e1\u0159\u016f a soukrom\u00fdch roln\u00edk\u016f, v\u010detn\u011b zprost\u0159edkov\u00e1n\u00ed kontakt\u016f zem\u011bd\u011blc\u016f s\u00a0politiky, v\u011bdci a novin\u00e1\u0159i. V sou\u010dasn\u00e9 dob\u011b se Nadace zem\u011bd\u011blsk\u00e9 f\u00f3rum se &hellip;<\/p>\n<p class=\"read-more\"> <a class=\"\" href=\"https:\/\/nzf.ospzv-aso.cz\/?page_id=675\"> <span class=\"screen-reader-text\">O nadaci<\/span> Pokra\u010dovat ve \u010dten\u00ed &raquo;<\/a><\/p>\n","protected":false},"author":1,"featured_media":0,"parent":0,"menu_order":0,"comment_status":"closed","ping_status":"closed","template":"","meta":[],"_links":{"self":[{"href":"https:\/\/nzf.ospzv-aso.cz\/index.php?rest_route=\/wp\/v2\/pages\/675"}],"collection":[{"href":"https:\/\/nzf.ospzv-aso.cz\/index.php?rest_route=\/wp\/v2\/pages"}],"about":[{"href":"https:\/\/nzf.ospzv-aso.cz\/index.php?rest_route=\/wp\/v2\/types\/page"}],"author":[{"embeddable":true,"href":"https:\/\/nzf.ospzv-aso.cz\/index.php?rest_route=\/wp\/v2\/users\/1"}],"replies":[{"embeddable":true,"href":"https:\/\/nzf.ospzv-aso.cz\/index.php?rest_route=%2Fwp%2Fv2%2Fcomments&post=675"}],"version-history":[{"count":43,"href":"https:\/\/nzf.ospzv-aso.cz\/index.php?rest_route=\/wp\/v2\/pages\/675\/revisions"}],"predecessor-version":[{"id":1052,"href":"https:\/\/nzf.ospzv-aso.cz\/index.php?rest_route=\/wp\/v2\/pages\/675\/revisions\/1052"}],"wp:attachment":[{"href":"https:\/\/nzf.ospzv-aso.cz\/index.php?rest_route=%2Fwp%2Fv2%2Fmedia&parent=675"}],"curies":[{"name":"wp","href":"https:\/\/api.w.org\/{rel}","templated":true}]}}